{"id":823,"date":"2012-07-04T23:19:08","date_gmt":"2012-07-04T23:19:08","guid":{"rendered":"https:\/\/www.kupschdiamant.de\/deutsch\/produkte\/diamantscheiben\/beton\/diamanttrennscheiben-beton-laser-standard-type-k-bel-2\/"},"modified":"2012-12-04T08:19:42","modified_gmt":"2012-12-04T08:19:42","slug":"diamanttrennscheiben-stahlbeton-premium-type-k-tc","status":"publish","type":"page","link":"https:\/\/www.kupschdiamant.de\/deutsch\/produkte\/diamantscheiben\/beton\/diamanttrennscheiben-stahlbeton-premium-type-k-tc\/","title":{"rendered":"Diamanttrennscheibe Turbo Cut Premium &#8211; Type: K-TC"},"content":{"rendered":"<table width=\"541\" border=\"0\" cellspacing=\"3\" align=\"left\">\n<tbody>\n<tr valign=\"top\">\n<td><a href=\"https:\/\/www.kupschdiamant.de\/deutsch\/wp-content\/uploads\/2012\/07\/k-tc.jpg\"><img decoding=\"async\" class=\"alignnone  wp-image-579\" title=\"k-tc\" src=\"https:\/\/www.kupschdiamant.de\/deutsch\/wp-content\/uploads\/2012\/07\/k-tc-300x295.jpg\" alt=\"\" width=\"200\" srcset=\"https:\/\/www.kupschdiamant.de\/deutsch\/wp-content\/uploads\/2012\/07\/k-tc-300x295.jpg 300w, https:\/\/www.kupschdiamant.de\/deutsch\/wp-content\/uploads\/2012\/07\/k-tc.jpg 1024w\" sizes=\"(max-width: 300px) 100vw, 300px\" \/><\/a><\/td>\n<td><strong><span style=\"color: #000000;\">Diamanttrennscheibe<br \/>\nTurbo Cut Premium<br \/>\n<\/span><\/strong><strong><span style=\"color: #000000;\">Nass- u.Trockenschnitt &#8211; Lasergeschwei\u00dft<br \/>\n<\/span><\/strong><strong><\/strong><strong><\/strong><\/p>\n<p><span style=\"color: #0000ff;\"><strong>Anwendung: Beton, Stahlbeton, Waschbeton, Dachpfannen, Ziegel, Klinker<\/strong><\/span><br \/>\n<span style=\"color: #000000;\">Belagh\u00f6he: 10 mm Turbosegment<\/span><br \/>\n<span style=\"color: #000000;\">\u00d8 115 &#8211; 900 mm<\/span><\/p>\n<p><strong><span style=\"color: #000000;\">Type: K-TC<\/span><\/strong><\/td>\n<\/tr>\n<\/tbody>\n<\/table>\n","protected":false},"excerpt":{"rendered":"<p>Diamanttrennscheibe Turbo Cut Premium Nass- u.Trockenschnitt &#8211; Lasergeschwei\u00dft Anwendung: Beton, Stahlbeton, Waschbeton, Dachpfannen, Ziegel, Klinker Belagh\u00f6he: 10 mm Turbosegment \u00d8 115 &#8211; 900 mm Type: K-TC<\/p>\n","protected":false},"author":4,"featured_media":0,"parent":191,"menu_order":0,"comment_status":"closed","ping_status":"closed","template":"","meta":{"footnotes":"","_links_to":"","_links_to_target":""},"class_list":["post-823","page","type-page","status-publish","hentry"],"_links":{"self":[{"href":"https:\/\/www.kupschdiamant.de\/deutsch\/wp-json\/wp\/v2\/pages\/823","targetHints":{"allow":["GET"]}}],"collection":[{"href":"https:\/\/www.kupschdiamant.de\/deutsch\/wp-json\/wp\/v2\/pages"}],"about":[{"href":"https:\/\/www.kupschdiamant.de\/deutsch\/wp-json\/wp\/v2\/types\/page"}],"author":[{"embeddable":true,"href":"https:\/\/www.kupschdiamant.de\/deutsch\/wp-json\/wp\/v2\/users\/4"}],"replies":[{"embeddable":true,"href":"https:\/\/www.kupschdiamant.de\/deutsch\/wp-json\/wp\/v2\/comments?post=823"}],"version-history":[{"count":11,"href":"https:\/\/www.kupschdiamant.de\/deutsch\/wp-json\/wp\/v2\/pages\/823\/revisions"}],"predecessor-version":[{"id":836,"href":"https:\/\/www.kupschdiamant.de\/deutsch\/wp-json\/wp\/v2\/pages\/823\/revisions\/836"}],"up":[{"embeddable":true,"href":"https:\/\/www.kupschdiamant.de\/deutsch\/wp-json\/wp\/v2\/pages\/191"}],"wp:attachment":[{"href":"https:\/\/www.kupschdiamant.de\/deutsch\/wp-json\/wp\/v2\/media?parent=823"}],"curies":[{"name":"wp","href":"https:\/\/api.w.org\/{rel}","templated":true}]}}