{"id":732,"date":"2012-07-04T23:03:22","date_gmt":"2012-07-04T23:03:22","guid":{"rendered":"https:\/\/www.kupschdiamant.de\/deutsch\/produkte\/diamantscheiben\/beton\/stahlbeton-wandsage-nasschnitt-laser\/"},"modified":"2014-01-13T10:07:41","modified_gmt":"2014-01-13T10:07:41","slug":"stahlbeton-rillenfraeser","status":"publish","type":"page","link":"https:\/\/www.kupschdiamant.de\/deutsch\/produkte\/diamantscheiben\/beton\/stahlbeton-rillenfraeser\/","title":{"rendered":"Rillenfr\u00e4ser Stahlbeton"},"content":{"rendered":"<table style=\"width: 500px;\" border=\"0\" cellspacing=\"3\" align=\"left\">\n<tbody>\n<tr valign=\"top\">\n<td><a href=\"https:\/\/www.kupschdiamant.de\/deutsch\/wp-content\/uploads\/2012\/07\/fraeser_stahlbeton_quad.jpg\"><img decoding=\"async\" class=\"alignnone  wp-image-2797\" title=\"fraeser_stahlbeton_quad\" src=\"https:\/\/www.kupschdiamant.de\/deutsch\/wp-content\/uploads\/2012\/07\/fraeser_stahlbeton_quad-300x300.jpg\" alt=\"\" width=\"200\" srcset=\"https:\/\/www.kupschdiamant.de\/deutsch\/wp-content\/uploads\/2012\/07\/fraeser_stahlbeton_quad-300x300.jpg 300w, https:\/\/www.kupschdiamant.de\/deutsch\/wp-content\/uploads\/2012\/07\/fraeser_stahlbeton_quad-150x150.jpg 150w, https:\/\/www.kupschdiamant.de\/deutsch\/wp-content\/uploads\/2012\/07\/fraeser_stahlbeton_quad-1024x1024.jpg 1024w, https:\/\/www.kupschdiamant.de\/deutsch\/wp-content\/uploads\/2012\/07\/fraeser_stahlbeton_quad.jpg 2016w\" sizes=\"(max-width: 300px) 100vw, 300px\" \/><\/a><\/td>\n<td><strong><span style=\"color: #000000;\">Rillenfr\u00e4ser Stahlbeton<\/span><\/strong><br \/>\n<strong><span style=\"color: #000000;\">Na\u00dfschnitt<\/span><\/strong><\/p>\n<p><span style=\"color: #0000ff;\"><strong>Anwendung: Beton, Stahlbeton<\/strong><\/span><br \/>\n<span style=\"color: #000000;\">Belagh\u00f6he: 7+1 mm<\/span><br \/>\n<span style=\"color: #000000;\">\u00d8 300 &#8211; 600 mm<\/span><br \/>\n<span style=\"color: #000000;\">Segmentbreite: 5,0 mm &#8211; 20,0 mm<\/span><\/td>\n<\/tr>\n<\/tbody>\n<\/table>\n<p><\/p>\n","protected":false},"excerpt":{"rendered":"<p>Rillenfr\u00e4ser Stahlbeton Na\u00dfschnitt Anwendung: Beton, Stahlbeton Belagh\u00f6he: 7+1 mm \u00d8 300 &#8211; 600 mm Segmentbreite: 5,0 mm &#8211; 20,0 mm<\/p>\n","protected":false},"author":4,"featured_media":2797,"parent":191,"menu_order":0,"comment_status":"closed","ping_status":"closed","template":"","meta":{"footnotes":"","_links_to":"","_links_to_target":""},"class_list":["post-732","page","type-page","status-publish","has-post-thumbnail","hentry"],"_links":{"self":[{"href":"https:\/\/www.kupschdiamant.de\/deutsch\/wp-json\/wp\/v2\/pages\/732","targetHints":{"allow":["GET"]}}],"collection":[{"href":"https:\/\/www.kupschdiamant.de\/deutsch\/wp-json\/wp\/v2\/pages"}],"about":[{"href":"https:\/\/www.kupschdiamant.de\/deutsch\/wp-json\/wp\/v2\/types\/page"}],"author":[{"embeddable":true,"href":"https:\/\/www.kupschdiamant.de\/deutsch\/wp-json\/wp\/v2\/users\/4"}],"replies":[{"embeddable":true,"href":"https:\/\/www.kupschdiamant.de\/deutsch\/wp-json\/wp\/v2\/comments?post=732"}],"version-history":[{"count":11,"href":"https:\/\/www.kupschdiamant.de\/deutsch\/wp-json\/wp\/v2\/pages\/732\/revisions"}],"predecessor-version":[{"id":3268,"href":"https:\/\/www.kupschdiamant.de\/deutsch\/wp-json\/wp\/v2\/pages\/732\/revisions\/3268"}],"up":[{"embeddable":true,"href":"https:\/\/www.kupschdiamant.de\/deutsch\/wp-json\/wp\/v2\/pages\/191"}],"wp:featuredmedia":[{"embeddable":true,"href":"https:\/\/www.kupschdiamant.de\/deutsch\/wp-json\/wp\/v2\/media\/2797"}],"wp:attachment":[{"href":"https:\/\/www.kupschdiamant.de\/deutsch\/wp-json\/wp\/v2\/media?parent=732"}],"curies":[{"name":"wp","href":"https:\/\/api.w.org\/{rel}","templated":true}]}}