{"id":722,"date":"2012-07-04T23:01:06","date_gmt":"2012-07-04T23:01:06","guid":{"rendered":"https:\/\/www.kupschdiamant.de\/deutsch\/produkte\/diamantscheiben\/beton\/stahlbeton-wandsage-nasschnitt-normalverzahnt\/"},"modified":"2012-12-04T08:00:00","modified_gmt":"2012-12-04T08:00:00","slug":"stahlbeton-wandsage-nassschnitt-laser","status":"publish","type":"page","link":"https:\/\/www.kupschdiamant.de\/deutsch\/produkte\/diamantscheiben\/beton\/stahlbeton-wandsage-nassschnitt-laser\/","title":{"rendered":"Wands\u00e4ge Laser Beton Na\u00dfschnitt K-WSL"},"content":{"rendered":"<table style=\"width: 500px;\" border=\"0\" cellspacing=\"3\" align=\"left\">\n<tbody>\n<tr valign=\"top\">\n<td><a href=\"https:\/\/www.kupschdiamant.de\/deutsch\/wp-content\/uploads\/2012\/07\/wandsaege-laser-k-wsl.jpg\"><img decoding=\"async\" class=\"alignnone  wp-image-677\" title=\"wandsaege-laser-k-wsl\" src=\"https:\/\/www.kupschdiamant.de\/deutsch\/wp-content\/uploads\/2012\/07\/wandsaege-laser-k-wsl-300x295.jpg\" alt=\"\" width=\"200\" srcset=\"https:\/\/www.kupschdiamant.de\/deutsch\/wp-content\/uploads\/2012\/07\/wandsaege-laser-k-wsl-300x295.jpg 300w, https:\/\/www.kupschdiamant.de\/deutsch\/wp-content\/uploads\/2012\/07\/wandsaege-laser-k-wsl.jpg 1024w\" sizes=\"(max-width: 300px) 100vw, 300px\" \/><\/a><\/td>\n<td><span style=\"color: #000000;\"><strong>Diamantscheibe<br \/>\nWands\u00e4ge Stahlbeton<\/strong><\/span><br \/>\n<span style=\"color: #000000;\"><strong>Na\u00dfschnitt &#8211; Lasergeschwei\u00dft<br \/>\n<\/strong><\/span><span style=\"color: #0000ff;\"><strong><br \/>\nAnwendung: Beton, Stahlbeton, Mauerwerk, Naturstein<\/strong><\/span><br \/>\n<span style=\"color: #000000;\">Belagh\u00f6he: 10 mm<\/span><br \/>\n<span style=\"color: #000000;\">\u00d8 600mm\u00a0\u00a0 800 mm\u00a0\u00a0 1000 mm<\/span><\/p>\n<p><span style=\"color: #000000;\"><strong>Type: K-WSL<\/strong><\/span><\/td>\n<\/tr>\n<\/tbody>\n<\/table>\n","protected":false},"excerpt":{"rendered":"<p>Diamantscheibe Wands\u00e4ge Stahlbeton Na\u00dfschnitt &#8211; Lasergeschwei\u00dft Anwendung: Beton, Stahlbeton, Mauerwerk, Naturstein Belagh\u00f6he: 10 mm \u00d8 600mm\u00a0\u00a0 800 mm\u00a0\u00a0 1000 mm Type: K-WSL<\/p>\n","protected":false},"author":4,"featured_media":0,"parent":191,"menu_order":0,"comment_status":"closed","ping_status":"closed","template":"","meta":{"footnotes":"","_links_to":"","_links_to_target":""},"class_list":["post-722","page","type-page","status-publish","hentry"],"_links":{"self":[{"href":"https:\/\/www.kupschdiamant.de\/deutsch\/wp-json\/wp\/v2\/pages\/722","targetHints":{"allow":["GET"]}}],"collection":[{"href":"https:\/\/www.kupschdiamant.de\/deutsch\/wp-json\/wp\/v2\/pages"}],"about":[{"href":"https:\/\/www.kupschdiamant.de\/deutsch\/wp-json\/wp\/v2\/types\/page"}],"author":[{"embeddable":true,"href":"https:\/\/www.kupschdiamant.de\/deutsch\/wp-json\/wp\/v2\/users\/4"}],"replies":[{"embeddable":true,"href":"https:\/\/www.kupschdiamant.de\/deutsch\/wp-json\/wp\/v2\/comments?post=722"}],"version-history":[{"count":14,"href":"https:\/\/www.kupschdiamant.de\/deutsch\/wp-json\/wp\/v2\/pages\/722\/revisions"}],"predecessor-version":[{"id":3266,"href":"https:\/\/www.kupschdiamant.de\/deutsch\/wp-json\/wp\/v2\/pages\/722\/revisions\/3266"}],"up":[{"embeddable":true,"href":"https:\/\/www.kupschdiamant.de\/deutsch\/wp-json\/wp\/v2\/pages\/191"}],"wp:attachment":[{"href":"https:\/\/www.kupschdiamant.de\/deutsch\/wp-json\/wp\/v2\/media?parent=722"}],"curies":[{"name":"wp","href":"https:\/\/api.w.org\/{rel}","templated":true}]}}