{"id":687,"date":"2012-07-04T22:50:50","date_gmt":"2012-07-04T22:50:50","guid":{"rendered":"https:\/\/www.kupschdiamant.de\/deutsch\/produkte\/diamantscheiben\/asphalt\/rillenfraser-asphalt\/"},"modified":"2012-12-12T14:07:23","modified_gmt":"2012-12-12T14:07:23","slug":"stahlbeton-fugenschneider-nassschnitt","status":"publish","type":"page","link":"https:\/\/www.kupschdiamant.de\/deutsch\/produkte\/diamantscheiben\/beton\/stahlbeton-fugenschneider-nassschnitt\/","title":{"rendered":"Fugenschneider Stahlbeton Premium Na\u00dfschnitt"},"content":{"rendered":"<table style=\"width: 500px;\" border=\"0\" cellspacing=\"3\" align=\"left\">\n<tbody>\n<tr valign=\"top\">\n<td><a href=\"https:\/\/www.kupschdiamant.de\/deutsch\/wp-content\/uploads\/2012\/07\/fugenschneider.jpg\"><img decoding=\"async\" class=\"alignnone  wp-image-529\" title=\"fugenschneider\" alt=\"\" src=\"https:\/\/www.kupschdiamant.de\/deutsch\/wp-content\/uploads\/2012\/07\/fugenschneider-300x290.jpg\" width=\"200\" srcset=\"https:\/\/www.kupschdiamant.de\/deutsch\/wp-content\/uploads\/2012\/07\/fugenschneider-300x290.jpg 300w, https:\/\/www.kupschdiamant.de\/deutsch\/wp-content\/uploads\/2012\/07\/fugenschneider.jpg 1024w\" sizes=\"(max-width: 300px) 100vw, 300px\" \/><\/a><\/td>\n<td><strong><span style=\"color: #000000;\">Diamantscheibe<br \/> Fugenschneider Stahlbeton Premium<\/span><\/strong><br \/> <strong><span style=\"color: #000000;\">Na\u00dfschnitt\u00a0<\/span><\/strong><\/p>\n<p><span style=\"color: #000000;\"><span style=\"color: #0000ff;\"><strong>Anwendung: Beton, Stahlbeton<\/strong><\/span><br \/> Belagh\u00f6he: 7+1mm\u00a0\u00a0 10mm<\/span><br \/> <span style=\"color: #000000;\">\u00d8 300 &#8211; 1500 mm<\/span><\/p>\n<\/td>\n<\/tr>\n<tr valign=\"top\">\n<td colspan=\"2\">\n<p>Diamanttrennscheibe zum Schneiden von Beton\/Stahlbeton f\u00fcr den Einsatz auf<br \/> Elektro-, Benzin- und Dieselfugenschneidern. Wahlweise lieferbar in den Belagh\u00f6hen 7+1 und 10 mm und in verschiedenen Segmentausf\u00fchrungen abgestimmt auf die Antriebsleistung der Maschine.<\/p>\n<\/td>\n<\/tr>\n<\/tbody>\n<\/table>\n<p>&nbsp;<\/p>\n<p>&nbsp;<\/p>\n<p>&nbsp;<\/p>\n<p>&nbsp;<\/p>\n<p>&nbsp;<\/p>\n<p>&nbsp;<\/p>\n<p>&nbsp;<\/p>\n<p><span style=\"color: #000000;\">\u00a0<\/span><\/p>\n","protected":false},"excerpt":{"rendered":"<p>Diamantscheibe Fugenschneider Stahlbeton Premium Na\u00dfschnitt\u00a0 Anwendung: Beton, Stahlbeton Belagh\u00f6he: 7+1mm\u00a0\u00a0 10mm \u00d8 300 &#8211; 1500 mm Diamanttrennscheibe zum Schneiden von Beton\/Stahlbeton f\u00fcr den Einsatz auf Elektro-, Benzin- und Dieselfugenschneidern. Wahlweise lieferbar in den Belagh\u00f6hen 7+1 und 10 mm und in verschiedenen Segmentausf\u00fchrungen abgestimmt auf die Antriebsleistung der Maschine. &nbsp; &nbsp; &nbsp; &nbsp; &nbsp; &nbsp; &nbsp; [&hellip;]<\/p>\n","protected":false},"author":4,"featured_media":0,"parent":191,"menu_order":0,"comment_status":"closed","ping_status":"closed","template":"","meta":{"footnotes":"","_links_to":"","_links_to_target":""},"class_list":["post-687","page","type-page","status-publish","hentry"],"_links":{"self":[{"href":"https:\/\/www.kupschdiamant.de\/deutsch\/wp-json\/wp\/v2\/pages\/687","targetHints":{"allow":["GET"]}}],"collection":[{"href":"https:\/\/www.kupschdiamant.de\/deutsch\/wp-json\/wp\/v2\/pages"}],"about":[{"href":"https:\/\/www.kupschdiamant.de\/deutsch\/wp-json\/wp\/v2\/types\/page"}],"author":[{"embeddable":true,"href":"https:\/\/www.kupschdiamant.de\/deutsch\/wp-json\/wp\/v2\/users\/4"}],"replies":[{"embeddable":true,"href":"https:\/\/www.kupschdiamant.de\/deutsch\/wp-json\/wp\/v2\/comments?post=687"}],"version-history":[{"count":16,"href":"https:\/\/www.kupschdiamant.de\/deutsch\/wp-json\/wp\/v2\/pages\/687\/revisions"}],"predecessor-version":[{"id":3582,"href":"https:\/\/www.kupschdiamant.de\/deutsch\/wp-json\/wp\/v2\/pages\/687\/revisions\/3582"}],"up":[{"embeddable":true,"href":"https:\/\/www.kupschdiamant.de\/deutsch\/wp-json\/wp\/v2\/pages\/191"}],"wp:attachment":[{"href":"https:\/\/www.kupschdiamant.de\/deutsch\/wp-json\/wp\/v2\/media?parent=687"}],"curies":[{"name":"wp","href":"https:\/\/api.w.org\/{rel}","templated":true}]}}