{"id":61,"date":"2012-07-03T10:59:52","date_gmt":"2012-07-03T10:59:52","guid":{"rendered":"http:\/\/www.kupschdiamant.de\/english\/?page_id=61"},"modified":"2021-02-23T16:26:27","modified_gmt":"2021-02-23T16:26:27","slug":"test","status":"publish","type":"page","link":"https:\/\/www.kupschdiamant.de\/deutsch\/","title":{"rendered":"Home"},"content":{"rendered":"<div id=\"startseitentext\">\n<!-- 2c4f8 --><\/p>\n<h2>Kupsch Diamantwerkzeuge GmbH \u2013<br \/>\nIhr Experte f\u00fcr Diamantwerkzeuge<\/h2>\n<p>Wir sind ein f\u00fchrendes Unternehmen im Bereich der Diamanttechnik und stellen mit langj\u00e4hriger Erfahrung und weitreichendem Know-how Diamantwerkzeuge aller Art her. Auf unserer Website m\u00f6chten wir Ihnen n\u00fctzliche Informationen \u00fcber unsere Firma und die von uns gefertigten Produkte an die Hand geben, die es Ihnen erleichtern, sich von unserer Leistungsf\u00e4higkeit zu \u00fcberzeugen.<\/p>\n<p>Unser umfassendes Portfolio beinhaltet zum Beispiel:<\/p>\n<ul>\n<li>Diamantscheiben<\/li>\n<li>Diamantbohrkronen<\/li>\n<li>Schleifwerkzeuge<\/li>\n<li>Diamantfr\u00e4ser<\/li>\n<li>Diamantseile<\/li>\n<li>Diamantsegmente<\/li>\n<li>Sonderwerkzeuge und Maschinen.<\/li>\n<\/ul>\n<h2>Diamantrennscheiben und weitere Werkzeuge in \u00fcberragender Qualit\u00e4t<\/h2>\n<p>Klicken Sie sich durch unsere Kategorien und entdecken Sie unterschiedlichste Produkte, die Ihnen ein exaktes Arbeiten erm\u00f6glichen und ganz neue qualitative Ma\u00dfst\u00e4be setzen. Unsere Werkzeuge sind genau auf Ihren Bedarf zugeschnitten. Wenn Sie beispielsweise <a href=\"https:\/\/www.kupschdiamant.de\/deutsch\/produkte\/diamantscheiben\/\" title=\"Diamantscheiben\">Diamantscheiben<\/a> f\u00fcr Asphalt, Beton oder Granit ben\u00f6tigen, werden Sie bei uns ebenso f\u00fcndig, wie wenn Sie Diamanttrennscheiben f\u00fcr Fliesen und Marmor oder f\u00fcr den Trockenschnitt brauchen.<\/p>\n<h2>Hochwertige Diamantwerkzeuge: Hersteller mit gro\u00dfer Erfahrung<\/h2>\n<p>Wir bieten Ihnen absolute Profi-Qualit\u00e4t, sodass unsere Artikel vom <a href=\"https:\/\/www.kupschdiamant.de\/deutsch\/produkte\/schleifwerkzeuge\/\" title=\"Diamantschleifteller\">Diamantschleifteller<\/a> bis zum <a href=\"https:\/\/www.kupschdiamant.de\/deutsch\/produkte\/diamantscheiben\/beton\/stahlbeton-rillenfraeser\/\" title=\"Rillenfr\u00e4ser\">Rillenfr\u00e4ser<\/a> allen Anforderungen m\u00fchelos gerecht werden. Verschaffen Sie sich einen \u00dcberblick \u00fcber unser vielseitiges Sortiment und entscheiden Sie sich f\u00fcr die Produkte, mit denen Sie die besten Arbeitsresultate erzielen. Unsere Diamantwerkzeuge direkt vom Hersteller sind immer die beste Wahl.<\/p>\n<p>Dabei produzieren wir <a href=\"https:\/\/www.kupschdiamant.de\/deutsch\/produkte\/diamantfraeser\/\" title=\"Diamantfr\u00e4ser\">Diamantfr\u00e4ser<\/a> und vieles mehr nicht nur in Standardgr\u00f6\u00dfen und g\u00e4ngigen Ausf\u00fchrungen. Aufgrund unserer fachlichen Kompetenz sind wir jederzeit auch dazu in der Lage, gezielt die W\u00fcnsche unserer Kunden zu erf\u00fcllen, die besondere Bed\u00fcrfnisse hinsichtlich der Gestaltung ihrer <a href=\"https:\/\/www.kupschdiamant.de\/deutsch\/produkte\/diamantsegmente\/\" title=\"Diamantsegmente\">Diamantsegmente<\/a> und -werkzeuge haben.<\/p>\n<p>So sind jederzeit ma\u00dfgeschneiderte Sonderanfertigungen f\u00fcr <a href=\"https:\/\/www.kupschdiamant.de\/deutsch\/produkte\/diamantbohrkronen\/\" title=\"Diamantbohrkronen\">Diamantbohrkronen<\/a> und weitere Artikel aus unserem Portfolio m\u00f6glich. Als innovativer Hersteller entwickeln und fertigen wir das optimale Werkzeug f\u00fcr Ihren Bedarf. Sprechen Sie uns an, wir helfen Ihnen dabei, auch schwierigste Schneidprobleme zu l\u00f6sen.<\/p>\n<p>Wenn Sie sich eingehender \u00fcber unsere Diamantwerkzeuge informieren m\u00f6chten, stehen wir Ihnen als ausgewiesene Spezialisten f\u00fcr Diamanttechnik gerne zur Verf\u00fcgung. Sie erreichen uns telefonisch unter der Rufnummer +49 (0) 27 21 &#8211; 53 07, per Fax an +49 (0) 27 21 &#8211; 7 93 13 oder \u00fcber unser Kontaktformular. Wir freuen uns auf Sie!<\/p>\n<p><strong>Ihr Team der Kupsch Diamantwerkzeuge GmbH<\/strong><\/p>\n<p><!-- \/2c4f8 --><\/p>\n<\/div>\n","protected":false},"excerpt":{"rendered":"<p>Kupsch Diamantwerkzeuge GmbH \u2013 Ihr Experte f\u00fcr Diamantwerkzeuge Wir sind ein f\u00fchrendes Unternehmen im Bereich der Diamanttechnik und stellen mit langj\u00e4hriger Erfahrung und weitreichendem Know-how Diamantwerkzeuge aller Art her. Auf unserer Website m\u00f6chten wir Ihnen n\u00fctzliche Informationen \u00fcber unsere Firma und die von uns gefertigten Produkte an die Hand geben, die es Ihnen erleichtern, sich [&hellip;]<\/p>\n","protected":false},"author":4,"featured_media":0,"parent":0,"menu_order":0,"comment_status":"closed","ping_status":"open","template":"","meta":{"footnotes":"","_links_to":"","_links_to_target":""},"class_list":["post-61","page","type-page","status-publish","hentry"],"_links":{"self":[{"href":"https:\/\/www.kupschdiamant.de\/deutsch\/wp-json\/wp\/v2\/pages\/61","targetHints":{"allow":["GET"]}}],"collection":[{"href":"https:\/\/www.kupschdiamant.de\/deutsch\/wp-json\/wp\/v2\/pages"}],"about":[{"href":"https:\/\/www.kupschdiamant.de\/deutsch\/wp-json\/wp\/v2\/types\/page"}],"author":[{"embeddable":true,"href":"https:\/\/www.kupschdiamant.de\/deutsch\/wp-json\/wp\/v2\/users\/4"}],"replies":[{"embeddable":true,"href":"https:\/\/www.kupschdiamant.de\/deutsch\/wp-json\/wp\/v2\/comments?post=61"}],"version-history":[{"count":23,"href":"https:\/\/www.kupschdiamant.de\/deutsch\/wp-json\/wp\/v2\/pages\/61\/revisions"}],"predecessor-version":[{"id":3638,"href":"https:\/\/www.kupschdiamant.de\/deutsch\/wp-json\/wp\/v2\/pages\/61\/revisions\/3638"}],"wp:attachment":[{"href":"https:\/\/www.kupschdiamant.de\/deutsch\/wp-json\/wp\/v2\/media?parent=61"}],"curies":[{"name":"wp","href":"https:\/\/api.w.org\/{rel}","templated":true}]}}