{"id":442,"date":"2012-07-04T11:34:23","date_gmt":"2012-07-04T11:34:23","guid":{"rendered":"https:\/\/www.kupschdiamant.de\/deutsch\/?page_id=442"},"modified":"2012-12-12T14:03:16","modified_gmt":"2012-12-12T14:03:16","slug":"diamanttrennscheibe-asphalt-nasschnitt","status":"publish","type":"page","link":"https:\/\/www.kupschdiamant.de\/deutsch\/produkte\/diamantscheiben\/asphalt\/diamanttrennscheibe-asphalt-nasschnitt\/","title":{"rendered":"Fugenschneider Asphalt Premium Na\u00dfschnitt"},"content":{"rendered":"<table style=\"width: 510px; height: 181px;\" border=\"0\" cellspacing=\"3\" align=\"left\">\n<tbody>\n<tr valign=\"top\">\n<td><a href=\"https:\/\/www.kupschdiamant.de\/deutsch\/wp-content\/uploads\/2012\/07\/asphalt-12.jpg\"><img loading=\"lazy\" decoding=\"async\" class=\"alignnone  wp-image-2632\" title=\"asphalt 1\" alt=\"\" src=\"https:\/\/www.kupschdiamant.de\/deutsch\/wp-content\/uploads\/2012\/07\/asphalt-12-150x150.jpg\" width=\"150\" height=\"150\" \/><\/a><\/td>\n<td><span style=\"color: #000000;\"><span style=\"color: #000000;\"><span style=\"color: #000000;\"><strong>Diamanttrennscheibe<br \/> Fugenschneider Asphalt Premium<br \/> Na\u00dfschnitt<\/strong><\/span><\/span><\/span><\/p>\n<p><span style=\"color: #000000;\"><span style=\"color: #0000ff;\"><strong>Anwendung: Asphalt &#8211; abrasive Materialien<\/strong><\/span><br \/> Belagh\u00f6he: 7+1mm<br \/> \u00d8 300 &#8211; 1500 mm<\/span><\/p>\n<p><span style=\"color: #000000;\">(Mit Hammer- bzw. Schr\u00e4gsegmenten lieferbar)<\/span><\/p>\n<\/td>\n<\/tr>\n<tr valign=\"top\">\n<td colspan=\"2\">\n<p>Diamanttrennscheibe zum Schneiden von Asphalt f\u00fcr den Einsatz auf Elektro-,<br \/> Benzin- oder Dieselfugenschneidern. Wahlweise lieferbar mit Hammer- oder Schr\u00e4gschutzsegmenten.<\/p>\n<\/td>\n<\/tr>\n<\/tbody>\n<\/table>\n<p>&nbsp;<\/p>\n<p>&nbsp;<\/p>\n<p>&nbsp;<\/p>\n<p>&nbsp;<\/p>\n<p>&nbsp;<\/p>\n<p>&nbsp;<\/p>\n<p><span style=\"color: #000000;\">\u00a0<\/span><\/p>\n","protected":false},"excerpt":{"rendered":"<p>Diamanttrennscheibe Fugenschneider Asphalt Premium Na\u00dfschnitt Anwendung: Asphalt &#8211; abrasive Materialien Belagh\u00f6he: 7+1mm \u00d8 300 &#8211; 1500 mm (Mit Hammer- bzw. Schr\u00e4gsegmenten lieferbar) Diamanttrennscheibe zum Schneiden von Asphalt f\u00fcr den Einsatz auf Elektro-, Benzin- oder Dieselfugenschneidern. Wahlweise lieferbar mit Hammer- oder Schr\u00e4gschutzsegmenten. &nbsp; &nbsp; &nbsp; &nbsp; &nbsp; &nbsp; \u00a0<\/p>\n","protected":false},"author":4,"featured_media":2632,"parent":189,"menu_order":0,"comment_status":"closed","ping_status":"closed","template":"","meta":{"footnotes":"","_links_to":"","_links_to_target":""},"class_list":["post-442","page","type-page","status-publish","has-post-thumbnail","hentry"],"_links":{"self":[{"href":"https:\/\/www.kupschdiamant.de\/deutsch\/wp-json\/wp\/v2\/pages\/442","targetHints":{"allow":["GET"]}}],"collection":[{"href":"https:\/\/www.kupschdiamant.de\/deutsch\/wp-json\/wp\/v2\/pages"}],"about":[{"href":"https:\/\/www.kupschdiamant.de\/deutsch\/wp-json\/wp\/v2\/types\/page"}],"author":[{"embeddable":true,"href":"https:\/\/www.kupschdiamant.de\/deutsch\/wp-json\/wp\/v2\/users\/4"}],"replies":[{"embeddable":true,"href":"https:\/\/www.kupschdiamant.de\/deutsch\/wp-json\/wp\/v2\/comments?post=442"}],"version-history":[{"count":64,"href":"https:\/\/www.kupschdiamant.de\/deutsch\/wp-json\/wp\/v2\/pages\/442\/revisions"}],"predecessor-version":[{"id":3580,"href":"https:\/\/www.kupschdiamant.de\/deutsch\/wp-json\/wp\/v2\/pages\/442\/revisions\/3580"}],"up":[{"embeddable":true,"href":"https:\/\/www.kupschdiamant.de\/deutsch\/wp-json\/wp\/v2\/pages\/189"}],"wp:featuredmedia":[{"embeddable":true,"href":"https:\/\/www.kupschdiamant.de\/deutsch\/wp-json\/wp\/v2\/media\/2632"}],"wp:attachment":[{"href":"https:\/\/www.kupschdiamant.de\/deutsch\/wp-json\/wp\/v2\/media?parent=442"}],"curies":[{"name":"wp","href":"https:\/\/api.w.org\/{rel}","templated":true}]}}