{"id":2354,"date":"2012-07-05T09:26:21","date_gmt":"2012-07-05T09:26:21","guid":{"rendered":"https:\/\/www.kupschdiamant.de\/deutsch\/?page_id=2354"},"modified":"2012-11-30T08:53:39","modified_gmt":"2012-11-30T08:53:39","slug":"fugenfraeser-v-form-type-k-fv10","status":"publish","type":"page","link":"https:\/\/www.kupschdiamant.de\/deutsch\/produkte\/diamantfraeser\/fugenfraeser-v-form-type-k-fv10\/","title":{"rendered":"Fugenfr\u00e4ser V-Form Type: K-FV10"},"content":{"rendered":"<table style=\"width: 500px;\" border=\"0\" cellspacing=\"3\" align=\"left\">\n<tbody>\n<tr valign=\"top\">\n<td><a href=\"https:\/\/www.kupschdiamant.de\/deutsch\/wp-content\/uploads\/2012\/07\/k-fv-10_quad.jpg\"><img decoding=\"async\" class=\"alignnone  wp-image-2811\" title=\"k-fv 10_quad\" src=\"https:\/\/www.kupschdiamant.de\/deutsch\/wp-content\/uploads\/2012\/07\/k-fv-10_quad-300x300.jpg\" alt=\"\" width=\"200\" srcset=\"https:\/\/www.kupschdiamant.de\/deutsch\/wp-content\/uploads\/2012\/07\/k-fv-10_quad-300x300.jpg 300w, https:\/\/www.kupschdiamant.de\/deutsch\/wp-content\/uploads\/2012\/07\/k-fv-10_quad-150x150.jpg 150w, https:\/\/www.kupschdiamant.de\/deutsch\/wp-content\/uploads\/2012\/07\/k-fv-10_quad-1024x1024.jpg 1024w\" sizes=\"(max-width: 300px) 100vw, 300px\" \/><\/a><\/td>\n<td><strong><span style=\"color: #000000;\">Fugenfr\u00e4ser V-Form <\/span><\/strong><\/p>\n<p><span style=\"color: #0000ff;\"><strong>Anwendung: Beton, Mauerwerk<\/strong><\/span><br \/>\n<span style=\"color: #000000;\">\u00d8 115 &#8211; 230 mm<\/span><br \/>\n<span style=\"color: #000000;\">Belagh\u00f6he: 10mm<\/span><\/p>\n<p><strong><span style=\"color: #000000;\">Type: K-FV10<\/span><\/strong><\/td>\n<\/tr>\n<\/tbody>\n<\/table>\n","protected":false},"excerpt":{"rendered":"<p>Fugenfr\u00e4ser V-Form Anwendung: Beton, Mauerwerk \u00d8 115 &#8211; 230 mm Belagh\u00f6he: 10mm Type: K-FV10<\/p>\n","protected":false},"author":4,"featured_media":2811,"parent":185,"menu_order":0,"comment_status":"closed","ping_status":"closed","template":"","meta":{"footnotes":"","_links_to":"","_links_to_target":""},"class_list":["post-2354","page","type-page","status-publish","has-post-thumbnail","hentry"],"_links":{"self":[{"href":"https:\/\/www.kupschdiamant.de\/deutsch\/wp-json\/wp\/v2\/pages\/2354","targetHints":{"allow":["GET"]}}],"collection":[{"href":"https:\/\/www.kupschdiamant.de\/deutsch\/wp-json\/wp\/v2\/pages"}],"about":[{"href":"https:\/\/www.kupschdiamant.de\/deutsch\/wp-json\/wp\/v2\/types\/page"}],"author":[{"embeddable":true,"href":"https:\/\/www.kupschdiamant.de\/deutsch\/wp-json\/wp\/v2\/users\/4"}],"replies":[{"embeddable":true,"href":"https:\/\/www.kupschdiamant.de\/deutsch\/wp-json\/wp\/v2\/comments?post=2354"}],"version-history":[{"count":3,"href":"https:\/\/www.kupschdiamant.de\/deutsch\/wp-json\/wp\/v2\/pages\/2354\/revisions"}],"predecessor-version":[{"id":3078,"href":"https:\/\/www.kupschdiamant.de\/deutsch\/wp-json\/wp\/v2\/pages\/2354\/revisions\/3078"}],"up":[{"embeddable":true,"href":"https:\/\/www.kupschdiamant.de\/deutsch\/wp-json\/wp\/v2\/pages\/185"}],"wp:featuredmedia":[{"embeddable":true,"href":"https:\/\/www.kupschdiamant.de\/deutsch\/wp-json\/wp\/v2\/media\/2811"}],"wp:attachment":[{"href":"https:\/\/www.kupschdiamant.de\/deutsch\/wp-json\/wp\/v2\/media?parent=2354"}],"curies":[{"name":"wp","href":"https:\/\/api.w.org\/{rel}","templated":true}]}}