{"id":2313,"date":"2012-07-05T09:24:48","date_gmt":"2012-07-05T09:24:48","guid":{"rendered":"https:\/\/www.kupschdiamant.de\/deutsch\/?page_id=2313"},"modified":"2012-11-30T08:52:16","modified_gmt":"2012-11-30T08:52:16","slug":"fugenfraeser-type-k-f","status":"publish","type":"page","link":"https:\/\/www.kupschdiamant.de\/deutsch\/produkte\/diamantfraeser\/fugenfraeser-type-k-f\/","title":{"rendered":"Fugenfr\u00e4ser Type: K-F"},"content":{"rendered":"<table width=\"424\" border=\"0\" cellspacing=\"3\" align=\"left\">\n<tbody>\n<tr valign=\"top\">\n<td><a href=\"https:\/\/www.kupschdiamant.de\/deutsch\/wp-content\/uploads\/2012\/07\/k-f.jpg\"><img loading=\"lazy\" decoding=\"async\" class=\"alignnone size-medium wp-image-558\" title=\"k-f\" src=\"https:\/\/www.kupschdiamant.de\/deutsch\/wp-content\/uploads\/2012\/07\/k-f-148x300.jpg\" alt=\"\" width=\"148\" height=\"300\" srcset=\"https:\/\/www.kupschdiamant.de\/deutsch\/wp-content\/uploads\/2012\/07\/k-f-148x300.jpg 148w, https:\/\/www.kupschdiamant.de\/deutsch\/wp-content\/uploads\/2012\/07\/k-f-506x1024.jpg 506w, https:\/\/www.kupschdiamant.de\/deutsch\/wp-content\/uploads\/2012\/07\/k-f.jpg 1024w\" sizes=\"auto, (max-width: 148px) 100vw, 148px\" \/><\/a><\/td>\n<td><strong><span style=\"color: #000000;\">Fugenfr\u00e4ser <\/span><\/strong><\/p>\n<p><span style=\"color: #0000ff;\"><strong>Anwendung: Beton, Mauerwerk<\/strong><\/span><br \/>\n<span style=\"color: #000000;\">\u00d8 115 &#8211; 230 mm<\/span><br \/>\n<span style=\"color: #000000;\">Belagh\u00f6he: 7mm<\/span><\/p>\n<p><strong><span style=\"color: #000000;\">Type: K-F<\/span><\/strong><\/p>\n<p>&nbsp;<\/td>\n<\/tr>\n<\/tbody>\n<\/table>\n","protected":false},"excerpt":{"rendered":"<p>Fugenfr\u00e4ser Anwendung: Beton, Mauerwerk \u00d8 115 &#8211; 230 mm Belagh\u00f6he: 7mm Type: K-F &nbsp;<\/p>\n","protected":false},"author":4,"featured_media":2809,"parent":185,"menu_order":0,"comment_status":"closed","ping_status":"closed","template":"","meta":{"footnotes":"","_links_to":"","_links_to_target":""},"class_list":["post-2313","page","type-page","status-publish","has-post-thumbnail","hentry"],"_links":{"self":[{"href":"https:\/\/www.kupschdiamant.de\/deutsch\/wp-json\/wp\/v2\/pages\/2313","targetHints":{"allow":["GET"]}}],"collection":[{"href":"https:\/\/www.kupschdiamant.de\/deutsch\/wp-json\/wp\/v2\/pages"}],"about":[{"href":"https:\/\/www.kupschdiamant.de\/deutsch\/wp-json\/wp\/v2\/types\/page"}],"author":[{"embeddable":true,"href":"https:\/\/www.kupschdiamant.de\/deutsch\/wp-json\/wp\/v2\/users\/4"}],"replies":[{"embeddable":true,"href":"https:\/\/www.kupschdiamant.de\/deutsch\/wp-json\/wp\/v2\/comments?post=2313"}],"version-history":[{"count":4,"href":"https:\/\/www.kupschdiamant.de\/deutsch\/wp-json\/wp\/v2\/pages\/2313\/revisions"}],"predecessor-version":[{"id":3077,"href":"https:\/\/www.kupschdiamant.de\/deutsch\/wp-json\/wp\/v2\/pages\/2313\/revisions\/3077"}],"up":[{"embeddable":true,"href":"https:\/\/www.kupschdiamant.de\/deutsch\/wp-json\/wp\/v2\/pages\/185"}],"wp:featuredmedia":[{"embeddable":true,"href":"https:\/\/www.kupschdiamant.de\/deutsch\/wp-json\/wp\/v2\/media\/2809"}],"wp:attachment":[{"href":"https:\/\/www.kupschdiamant.de\/deutsch\/wp-json\/wp\/v2\/media?parent=2313"}],"curies":[{"name":"wp","href":"https:\/\/api.w.org\/{rel}","templated":true}]}}