{"id":2273,"date":"2012-07-05T09:23:20","date_gmt":"2012-07-05T09:23:20","guid":{"rendered":"https:\/\/www.kupschdiamant.de\/deutsch\/?page_id=2273"},"modified":"2012-11-30T08:50:03","modified_gmt":"2012-11-30T08:50:03","slug":"umfangfraeser-mit-schraeg-sitzenden-segmenten","status":"publish","type":"page","link":"https:\/\/www.kupschdiamant.de\/deutsch\/produkte\/diamantfraeser\/umfangfraeser-mit-schraeg-sitzenden-segmenten\/","title":{"rendered":"Umfangfr\u00e4ser mit schr\u00e4g sitzenden Segmenten"},"content":{"rendered":"<table width=\"551\" border=\"0\" cellspacing=\"3\" align=\"left\">\n<tbody>\n<tr valign=\"top\">\n<td><a href=\"https:\/\/www.kupschdiamant.de\/deutsch\/wp-content\/uploads\/2012\/07\/u-fraeser-granit_quad.jpg\"><img decoding=\"async\" class=\"alignnone  wp-image-2813\" title=\"u-fraeser granit_quad\" src=\"https:\/\/www.kupschdiamant.de\/deutsch\/wp-content\/uploads\/2012\/07\/u-fraeser-granit_quad-300x300.jpg\" alt=\"\" width=\"200\" srcset=\"https:\/\/www.kupschdiamant.de\/deutsch\/wp-content\/uploads\/2012\/07\/u-fraeser-granit_quad-300x300.jpg 300w, https:\/\/www.kupschdiamant.de\/deutsch\/wp-content\/uploads\/2012\/07\/u-fraeser-granit_quad-150x150.jpg 150w, https:\/\/www.kupschdiamant.de\/deutsch\/wp-content\/uploads\/2012\/07\/u-fraeser-granit_quad-1024x1024.jpg 1024w, https:\/\/www.kupschdiamant.de\/deutsch\/wp-content\/uploads\/2012\/07\/u-fraeser-granit_quad.jpg 1860w\" sizes=\"(max-width: 300px) 100vw, 300px\" \/><\/a><\/td>\n<td><strong><span style=\"color: #000000;\">Umfangfr\u00e4ser mit schr\u00e4g sitzenden Segmenten<\/span><\/strong><\/p>\n<p><span style=\"color: #0000ff;\"><strong>Anwendung: Granit &#8211; Hartgestein &#8211; Beton<\/strong><\/span><br \/>\n<span style=\"color: #000000;\">\u00d8 350 &#8211; 400 mm<\/span><\/td>\n<\/tr>\n<\/tbody>\n<\/table>\n","protected":false},"excerpt":{"rendered":"<p>Umfangfr\u00e4ser mit schr\u00e4g sitzenden Segmenten Anwendung: Granit &#8211; Hartgestein &#8211; Beton \u00d8 350 &#8211; 400 mm<\/p>\n","protected":false},"author":4,"featured_media":2813,"parent":185,"menu_order":0,"comment_status":"closed","ping_status":"closed","template":"","meta":{"footnotes":"","_links_to":"","_links_to_target":""},"class_list":["post-2273","page","type-page","status-publish","has-post-thumbnail","hentry"],"_links":{"self":[{"href":"https:\/\/www.kupschdiamant.de\/deutsch\/wp-json\/wp\/v2\/pages\/2273","targetHints":{"allow":["GET"]}}],"collection":[{"href":"https:\/\/www.kupschdiamant.de\/deutsch\/wp-json\/wp\/v2\/pages"}],"about":[{"href":"https:\/\/www.kupschdiamant.de\/deutsch\/wp-json\/wp\/v2\/types\/page"}],"author":[{"embeddable":true,"href":"https:\/\/www.kupschdiamant.de\/deutsch\/wp-json\/wp\/v2\/users\/4"}],"replies":[{"embeddable":true,"href":"https:\/\/www.kupschdiamant.de\/deutsch\/wp-json\/wp\/v2\/comments?post=2273"}],"version-history":[{"count":4,"href":"https:\/\/www.kupschdiamant.de\/deutsch\/wp-json\/wp\/v2\/pages\/2273\/revisions"}],"predecessor-version":[{"id":3075,"href":"https:\/\/www.kupschdiamant.de\/deutsch\/wp-json\/wp\/v2\/pages\/2273\/revisions\/3075"}],"up":[{"embeddable":true,"href":"https:\/\/www.kupschdiamant.de\/deutsch\/wp-json\/wp\/v2\/pages\/185"}],"wp:featuredmedia":[{"embeddable":true,"href":"https:\/\/www.kupschdiamant.de\/deutsch\/wp-json\/wp\/v2\/media\/2813"}],"wp:attachment":[{"href":"https:\/\/www.kupschdiamant.de\/deutsch\/wp-json\/wp\/v2\/media?parent=2273"}],"curies":[{"name":"wp","href":"https:\/\/api.w.org\/{rel}","templated":true}]}}