{"id":2193,"date":"2012-07-05T09:19:23","date_gmt":"2012-07-05T09:19:23","guid":{"rendered":"https:\/\/www.kupschdiamant.de\/deutsch\/?page_id=2193"},"modified":"2012-12-12T14:12:49","modified_gmt":"2012-12-12T14:12:49","slug":"rillenfraeser-asphalt","status":"publish","type":"page","link":"https:\/\/www.kupschdiamant.de\/deutsch\/produkte\/diamantfraeser\/rillenfraeser-asphalt\/","title":{"rendered":"Rillenfr\u00e4ser Asphalt"},"content":{"rendered":"<table style=\"width: 526px;\" border=\"0\" cellspacing=\"3\" align=\"left\">\n<tbody>\n<tr valign=\"top\">\n<td><a href=\"https:\/\/www.kupschdiamant.de\/deutsch\/wp-content\/uploads\/2012\/07\/fraeser_asphalt_quad1.jpg\"><img decoding=\"async\" class=\"alignnone  wp-image-2815\" title=\"fraeser_asphalt_quad\" alt=\"\" src=\"https:\/\/www.kupschdiamant.de\/deutsch\/wp-content\/uploads\/2012\/07\/fraeser_asphalt_quad1-300x300.jpg\" width=\"200\" srcset=\"https:\/\/www.kupschdiamant.de\/deutsch\/wp-content\/uploads\/2012\/07\/fraeser_asphalt_quad1-300x300.jpg 300w, https:\/\/www.kupschdiamant.de\/deutsch\/wp-content\/uploads\/2012\/07\/fraeser_asphalt_quad1-150x150.jpg 150w, https:\/\/www.kupschdiamant.de\/deutsch\/wp-content\/uploads\/2012\/07\/fraeser_asphalt_quad1-1024x1024.jpg 1024w\" sizes=\"(max-width: 300px) 100vw, 300px\" \/><\/a><\/td>\n<td><span style=\"color: #000000;\"><span style=\"color: #000000;\"><strong>Rillenfr\u00e4ser Asphalt<br \/> Na\u00dfschnitt<br \/> <\/strong><\/span><\/span><\/p>\n<p><span style=\"color: #000000;\"><span style=\"color: #0000ff;\"><strong>Anwendung: Asphalt &#8211; abrasive Materialien<\/strong><\/span><br \/> Belagh\u00f6he: 7+1mm \u00d8 300 &#8211; 600 mm<\/span><br \/> <span style=\"color: #000000;\"> Segmentbreite: 5,0mm &#8211; 20,0mm<\/span><\/p>\n<p>&nbsp;<\/p>\n<\/td>\n<\/tr>\n<tr valign=\"top\">\n<td colspan=\"2\">\n<p>Premium Rillenfr\u00e4ser zum Schneiden von Rillen in Asphalt und abrasiven Materialien. <br \/> Lieferbar in verschiedenen Breiten zwischen 4,6 mm und 20,0 mm. <br \/> Geeignet f\u00fcr den Einsatz auf Elektro-, Benzin- und Dieselfugenschneidern im Nassschnitt.<\/p>\n<\/td>\n<\/tr>\n<\/tbody>\n<\/table>\n<p>&nbsp;<\/p>\n<p>&nbsp;<\/p>\n<p>&nbsp;<\/p>\n<p>&nbsp;<\/p>\n<p>&nbsp;<\/p>\n<p>&nbsp;<\/p>\n<p>&nbsp;<\/p>\n<p><span style=\"color: #000000;\">\u00a0<\/span><\/p>\n","protected":false},"excerpt":{"rendered":"<p>Rillenfr\u00e4ser Asphalt Na\u00dfschnitt Anwendung: Asphalt &#8211; abrasive Materialien Belagh\u00f6he: 7+1mm \u00d8 300 &#8211; 600 mm Segmentbreite: 5,0mm &#8211; 20,0mm &nbsp; Premium Rillenfr\u00e4ser zum Schneiden von Rillen in Asphalt und abrasiven Materialien. Lieferbar in verschiedenen Breiten zwischen 4,6 mm und 20,0 mm. Geeignet f\u00fcr den Einsatz auf Elektro-, Benzin- und Dieselfugenschneidern im Nassschnitt. &nbsp; &nbsp; &nbsp; [&hellip;]<\/p>\n","protected":false},"author":4,"featured_media":2815,"parent":185,"menu_order":0,"comment_status":"closed","ping_status":"closed","template":"","meta":{"footnotes":"","_links_to":"","_links_to_target":""},"class_list":["post-2193","page","type-page","status-publish","has-post-thumbnail","hentry"],"_links":{"self":[{"href":"https:\/\/www.kupschdiamant.de\/deutsch\/wp-json\/wp\/v2\/pages\/2193","targetHints":{"allow":["GET"]}}],"collection":[{"href":"https:\/\/www.kupschdiamant.de\/deutsch\/wp-json\/wp\/v2\/pages"}],"about":[{"href":"https:\/\/www.kupschdiamant.de\/deutsch\/wp-json\/wp\/v2\/types\/page"}],"author":[{"embeddable":true,"href":"https:\/\/www.kupschdiamant.de\/deutsch\/wp-json\/wp\/v2\/users\/4"}],"replies":[{"embeddable":true,"href":"https:\/\/www.kupschdiamant.de\/deutsch\/wp-json\/wp\/v2\/comments?post=2193"}],"version-history":[{"count":11,"href":"https:\/\/www.kupschdiamant.de\/deutsch\/wp-json\/wp\/v2\/pages\/2193\/revisions"}],"predecessor-version":[{"id":2816,"href":"https:\/\/www.kupschdiamant.de\/deutsch\/wp-json\/wp\/v2\/pages\/2193\/revisions\/2816"}],"up":[{"embeddable":true,"href":"https:\/\/www.kupschdiamant.de\/deutsch\/wp-json\/wp\/v2\/pages\/185"}],"wp:featuredmedia":[{"embeddable":true,"href":"https:\/\/www.kupschdiamant.de\/deutsch\/wp-json\/wp\/v2\/media\/2815"}],"wp:attachment":[{"href":"https:\/\/www.kupschdiamant.de\/deutsch\/wp-json\/wp\/v2\/media?parent=2193"}],"curies":[{"name":"wp","href":"https:\/\/api.w.org\/{rel}","templated":true}]}}