{"id":2153,"date":"2012-07-05T09:18:14","date_gmt":"2012-07-05T09:18:14","guid":{"rendered":"https:\/\/www.kupschdiamant.de\/deutsch\/?page_id=2153"},"modified":"2012-12-04T10:42:20","modified_gmt":"2012-12-04T10:42:20","slug":"rillenfraeser-stahlbeton","status":"publish","type":"page","link":"https:\/\/www.kupschdiamant.de\/deutsch\/produkte\/diamantfraeser\/rillenfraeser-stahlbeton\/","title":{"rendered":"Rillenfr\u00e4ser Stahlbeton"},"content":{"rendered":"<table style=\"width: 500px;\" border=\"0\" cellspacing=\"3\" align=\"left\">\n<tbody>\n<tr valign=\"top\">\n<td><a href=\"https:\/\/www.kupschdiamant.de\/deutsch\/wp-content\/uploads\/2012\/07\/fraeser_stahlbeton_quad1.jpg\"><img decoding=\"async\" class=\"alignnone  wp-image-2818\" title=\"fraeser_stahlbeton_quad\" src=\"https:\/\/www.kupschdiamant.de\/deutsch\/wp-content\/uploads\/2012\/07\/fraeser_stahlbeton_quad1-300x300.jpg\" alt=\"\" width=\"200\" srcset=\"https:\/\/www.kupschdiamant.de\/deutsch\/wp-content\/uploads\/2012\/07\/fraeser_stahlbeton_quad1-300x300.jpg 300w, https:\/\/www.kupschdiamant.de\/deutsch\/wp-content\/uploads\/2012\/07\/fraeser_stahlbeton_quad1-150x150.jpg 150w, https:\/\/www.kupschdiamant.de\/deutsch\/wp-content\/uploads\/2012\/07\/fraeser_stahlbeton_quad1-1024x1024.jpg 1024w, https:\/\/www.kupschdiamant.de\/deutsch\/wp-content\/uploads\/2012\/07\/fraeser_stahlbeton_quad1.jpg 2016w\" sizes=\"(max-width: 300px) 100vw, 300px\" \/><\/a><\/td>\n<td><span style=\"color: #000000;\"><strong>Rillenfr\u00e4ser Stahlbeton<\/strong><\/span><br \/>\n<span style=\"color: #000000;\"> <strong>Na\u00dfschnitt<\/strong><\/span><\/p>\n<p><span style=\"color: #0000ff;\"><strong>Anwendung: Beton, Stahlbeton<\/strong><\/span><br \/>\n<span style=\"color: #000000;\"> Belagh\u00f6he: 7+1 mm<\/span><br \/>\n<span style=\"color: #000000;\"> \u00d8 300 &#8211; 600 mm<\/span><br \/>\n<span style=\"color: #000000;\"> Segmentbreite: 5,0 mm &#8211; 20,0 mm<\/span><\/td>\n<\/tr>\n<\/tbody>\n<\/table>\n","protected":false},"excerpt":{"rendered":"<p>Rillenfr\u00e4ser Stahlbeton Na\u00dfschnitt Anwendung: Beton, Stahlbeton Belagh\u00f6he: 7+1 mm \u00d8 300 &#8211; 600 mm Segmentbreite: 5,0 mm &#8211; 20,0 mm<\/p>\n","protected":false},"author":4,"featured_media":2818,"parent":185,"menu_order":0,"comment_status":"closed","ping_status":"closed","template":"","meta":{"footnotes":"","_links_to":"","_links_to_target":""},"class_list":["post-2153","page","type-page","status-publish","has-post-thumbnail","hentry"],"_links":{"self":[{"href":"https:\/\/www.kupschdiamant.de\/deutsch\/wp-json\/wp\/v2\/pages\/2153","targetHints":{"allow":["GET"]}}],"collection":[{"href":"https:\/\/www.kupschdiamant.de\/deutsch\/wp-json\/wp\/v2\/pages"}],"about":[{"href":"https:\/\/www.kupschdiamant.de\/deutsch\/wp-json\/wp\/v2\/types\/page"}],"author":[{"embeddable":true,"href":"https:\/\/www.kupschdiamant.de\/deutsch\/wp-json\/wp\/v2\/users\/4"}],"replies":[{"embeddable":true,"href":"https:\/\/www.kupschdiamant.de\/deutsch\/wp-json\/wp\/v2\/comments?post=2153"}],"version-history":[{"count":7,"href":"https:\/\/www.kupschdiamant.de\/deutsch\/wp-json\/wp\/v2\/pages\/2153\/revisions"}],"predecessor-version":[{"id":3467,"href":"https:\/\/www.kupschdiamant.de\/deutsch\/wp-json\/wp\/v2\/pages\/2153\/revisions\/3467"}],"up":[{"embeddable":true,"href":"https:\/\/www.kupschdiamant.de\/deutsch\/wp-json\/wp\/v2\/pages\/185"}],"wp:featuredmedia":[{"embeddable":true,"href":"https:\/\/www.kupschdiamant.de\/deutsch\/wp-json\/wp\/v2\/media\/2818"}],"wp:attachment":[{"href":"https:\/\/www.kupschdiamant.de\/deutsch\/wp-json\/wp\/v2\/media?parent=2153"}],"curies":[{"name":"wp","href":"https:\/\/api.w.org\/{rel}","templated":true}]}}