{"id":1555,"date":"2012-07-05T08:26:53","date_gmt":"2012-07-05T08:26:53","guid":{"rendered":"https:\/\/www.kupschdiamant.de\/deutsch\/?page_id=1555"},"modified":"2012-12-04T14:52:54","modified_gmt":"2012-12-04T14:52:54","slug":"dosensenker-laser-premium","status":"publish","type":"page","link":"https:\/\/www.kupschdiamant.de\/deutsch\/produkte\/diamantbohrkronen\/dosensenker-laser-premium\/","title":{"rendered":"Dosensenker Laser Premium &#8211; Type: &#8222;White Star&#8220;"},"content":{"rendered":"<table style=\"width: 500px;\" border=\"0\" cellspacing=\"3\" align=\"left\">\n<tbody>\n<tr valign=\"top\">\n<td><a href=\"https:\/\/www.kupschdiamant.de\/deutsch\/wp-content\/uploads\/2012\/07\/white-star-82.jpg\"><img loading=\"lazy\" decoding=\"async\" class=\"alignnone size-thumbnail wp-image-2399\" title=\"white-star-82\" src=\"https:\/\/www.kupschdiamant.de\/deutsch\/wp-content\/uploads\/2012\/07\/white-star-82-e1352714913881-150x150.jpg\" alt=\"\" width=\"150\" height=\"150\" \/><\/a><\/td>\n<td><strong><span style=\"color: #000000;\">Dosensenker<br \/>\nPremium &#8211; Lasergeschwei\u00dft<\/span><span style=\"color: #0000ff;\"><br \/>\n<\/span><\/strong><\/p>\n<p><span style=\"color: #0000ff;\"><strong>Anwendung: Mauerwerk, harter Kalksandstein, Quadrostein<\/strong><\/span><br \/>\n<span style=\"color: #000000;\">Anschluss M16<\/span><br \/>\n<span style=\"color: #000000;\">Belagh\u00f6he: 8 mm<\/span><br \/>\n<span style=\"color: #000000;\">\u00d8 68mm mit 6 Segmenten<\/span><br \/>\n<span style=\"color: #000000;\">\u00d8 82mm mit 10 Segmenten<\/span><\/p>\n<p><strong><span style=\"color: #000000;\"> Type: &#8222;White Star&#8220;<\/span><\/strong><\/p>\n<p>&nbsp;<\/p>\n<p>&nbsp;<\/td>\n<\/tr>\n<\/tbody>\n<\/table>\n<p>&nbsp;<\/p>\n","protected":false},"excerpt":{"rendered":"<p>Dosensenker Premium &#8211; Lasergeschwei\u00dft Anwendung: Mauerwerk, harter Kalksandstein, Quadrostein Anschluss M16 Belagh\u00f6he: 8 mm \u00d8 68mm mit 6 Segmenten \u00d8 82mm mit 10 Segmenten Type: &#8222;White Star&#8220; &nbsp; &nbsp; &nbsp;<\/p>\n","protected":false},"author":4,"featured_media":2399,"parent":93,"menu_order":0,"comment_status":"closed","ping_status":"closed","template":"","meta":{"footnotes":"","_links_to":"","_links_to_target":""},"class_list":["post-1555","page","type-page","status-publish","has-post-thumbnail","hentry"],"_links":{"self":[{"href":"https:\/\/www.kupschdiamant.de\/deutsch\/wp-json\/wp\/v2\/pages\/1555","targetHints":{"allow":["GET"]}}],"collection":[{"href":"https:\/\/www.kupschdiamant.de\/deutsch\/wp-json\/wp\/v2\/pages"}],"about":[{"href":"https:\/\/www.kupschdiamant.de\/deutsch\/wp-json\/wp\/v2\/types\/page"}],"author":[{"embeddable":true,"href":"https:\/\/www.kupschdiamant.de\/deutsch\/wp-json\/wp\/v2\/users\/4"}],"replies":[{"embeddable":true,"href":"https:\/\/www.kupschdiamant.de\/deutsch\/wp-json\/wp\/v2\/comments?post=1555"}],"version-history":[{"count":11,"href":"https:\/\/www.kupschdiamant.de\/deutsch\/wp-json\/wp\/v2\/pages\/1555\/revisions"}],"predecessor-version":[{"id":3502,"href":"https:\/\/www.kupschdiamant.de\/deutsch\/wp-json\/wp\/v2\/pages\/1555\/revisions\/3502"}],"up":[{"embeddable":true,"href":"https:\/\/www.kupschdiamant.de\/deutsch\/wp-json\/wp\/v2\/pages\/93"}],"wp:featuredmedia":[{"embeddable":true,"href":"https:\/\/www.kupschdiamant.de\/deutsch\/wp-json\/wp\/v2\/media\/2399"}],"wp:attachment":[{"href":"https:\/\/www.kupschdiamant.de\/deutsch\/wp-json\/wp\/v2\/media?parent=1555"}],"curies":[{"name":"wp","href":"https:\/\/api.w.org\/{rel}","templated":true}]}}