{"id":1535,"date":"2012-07-05T08:25:49","date_gmt":"2012-07-05T08:25:49","guid":{"rendered":"https:\/\/www.kupschdiamant.de\/deutsch\/?page_id=1535"},"modified":"2012-12-04T14:53:22","modified_gmt":"2012-12-04T14:53:22","slug":"dosensenker-laser-standard","status":"publish","type":"page","link":"https:\/\/www.kupschdiamant.de\/deutsch\/produkte\/diamantbohrkronen\/dosensenker-laser-standard\/","title":{"rendered":"Dosensenker Laser Standard &#8211; Type: &#8222;Black Star&#8220;"},"content":{"rendered":"<table style=\"width: 500px;\" border=\"0\" cellspacing=\"3\" align=\"left\">\n<tbody>\n<tr valign=\"top\">\n<td><a href=\"https:\/\/www.kupschdiamant.de\/deutsch\/wp-content\/uploads\/2012\/07\/black-star-82.jpg\"><img loading=\"lazy\" decoding=\"async\" class=\"alignnone size-thumbnail wp-image-2427\" title=\"black-star-82\" src=\"https:\/\/www.kupschdiamant.de\/deutsch\/wp-content\/uploads\/2012\/07\/black-star-82-e1352715070389-138x150.jpg\" alt=\"\" width=\"138\" height=\"150\" \/><\/a><\/td>\n<td><strong><span style=\"color: #000000;\">Dosensenker<br \/>\nStandard &#8211; Lasergeschwei\u00dft<\/span><span style=\"color: #0000ff;\"><br \/>\n<\/span><\/strong><\/p>\n<p><span style=\"color: #0000ff;\"><strong>Anwendung: Mauerwerk, Kalksandstein<\/strong><\/span><br \/>\n<span style=\"color: #000000;\">Anschluss M16<\/span><br \/>\n<span style=\"color: #000000;\">Belagh\u00f6he: 8 mm<\/span><br \/>\n<span style=\"color: #000000;\">\u00d8 68mm mit 3 bzw. 4 Segmenten<\/span><br \/>\n<span style=\"color: #000000;\">\u00d8 82mm mit 4 bzw. 5 Segmenten<\/span><\/p>\n<p><strong><span style=\"color: #000000;\">Type: &#8222;Black Star&#8220;<\/span><\/strong><\/p>\n<p>&nbsp;<\/td>\n<\/tr>\n<\/tbody>\n<\/table>\n","protected":false},"excerpt":{"rendered":"<p>Dosensenker Standard &#8211; Lasergeschwei\u00dft Anwendung: Mauerwerk, Kalksandstein Anschluss M16 Belagh\u00f6he: 8 mm \u00d8 68mm mit 3 bzw. 4 Segmenten \u00d8 82mm mit 4 bzw. 5 Segmenten Type: &#8222;Black Star&#8220; &nbsp;<\/p>\n","protected":false},"author":4,"featured_media":2427,"parent":93,"menu_order":0,"comment_status":"closed","ping_status":"closed","template":"","meta":{"footnotes":"","_links_to":"","_links_to_target":""},"class_list":["post-1535","page","type-page","status-publish","has-post-thumbnail","hentry"],"_links":{"self":[{"href":"https:\/\/www.kupschdiamant.de\/deutsch\/wp-json\/wp\/v2\/pages\/1535","targetHints":{"allow":["GET"]}}],"collection":[{"href":"https:\/\/www.kupschdiamant.de\/deutsch\/wp-json\/wp\/v2\/pages"}],"about":[{"href":"https:\/\/www.kupschdiamant.de\/deutsch\/wp-json\/wp\/v2\/types\/page"}],"author":[{"embeddable":true,"href":"https:\/\/www.kupschdiamant.de\/deutsch\/wp-json\/wp\/v2\/users\/4"}],"replies":[{"embeddable":true,"href":"https:\/\/www.kupschdiamant.de\/deutsch\/wp-json\/wp\/v2\/comments?post=1535"}],"version-history":[{"count":10,"href":"https:\/\/www.kupschdiamant.de\/deutsch\/wp-json\/wp\/v2\/pages\/1535\/revisions"}],"predecessor-version":[{"id":2646,"href":"https:\/\/www.kupschdiamant.de\/deutsch\/wp-json\/wp\/v2\/pages\/1535\/revisions\/2646"}],"up":[{"embeddable":true,"href":"https:\/\/www.kupschdiamant.de\/deutsch\/wp-json\/wp\/v2\/pages\/93"}],"wp:featuredmedia":[{"embeddable":true,"href":"https:\/\/www.kupschdiamant.de\/deutsch\/wp-json\/wp\/v2\/media\/2427"}],"wp:attachment":[{"href":"https:\/\/www.kupschdiamant.de\/deutsch\/wp-json\/wp\/v2\/media?parent=1535"}],"curies":[{"name":"wp","href":"https:\/\/api.w.org\/{rel}","templated":true}]}}