{"id":1514,"date":"2012-07-05T08:19:41","date_gmt":"2012-07-05T08:19:41","guid":{"rendered":"https:\/\/www.kupschdiamant.de\/deutsch\/?page_id=1514"},"modified":"2012-11-29T16:59:11","modified_gmt":"2012-11-29T16:59:11","slug":"trockenbohrkronen","status":"publish","type":"page","link":"https:\/\/www.kupschdiamant.de\/deutsch\/produkte\/diamantbohrkronen\/trockenbohrkronen\/","title":{"rendered":"Trockenbohrkronen"},"content":{"rendered":"<table style=\"width: 500px;\" border=\"0\" cellspacing=\"3\" align=\"left\">\n<tbody>\n<tr valign=\"top\">\n<td><a href=\"https:\/\/www.kupschdiamant.de\/deutsch\/wp-content\/uploads\/2012\/07\/bohrkrone-m-16.jpg\"><img loading=\"lazy\" decoding=\"async\" class=\"alignnone size-medium wp-image-511\" title=\"bohrkrone-m-16\" src=\"https:\/\/www.kupschdiamant.de\/deutsch\/wp-content\/uploads\/2012\/07\/bohrkrone-m-16-174x300.jpg\" alt=\"\" width=\"174\" height=\"300\" srcset=\"https:\/\/www.kupschdiamant.de\/deutsch\/wp-content\/uploads\/2012\/07\/bohrkrone-m-16-174x300.jpg 174w, https:\/\/www.kupschdiamant.de\/deutsch\/wp-content\/uploads\/2012\/07\/bohrkrone-m-16-596x1024.jpg 596w, https:\/\/www.kupschdiamant.de\/deutsch\/wp-content\/uploads\/2012\/07\/bohrkrone-m-16.jpg 636w\" sizes=\"auto, (max-width: 174px) 100vw, 174px\" \/><\/a><\/td>\n<td><strong><span style=\"color: #000000;\">Trockenbohrkronen<\/span><\/strong><\/p>\n<p><span style=\"color: #0000ff;\"><strong>Anwendung: Mauerwerk &#8211; Kalksandstein und abrasive Materialien<\/strong><\/span><\/p>\n<p><span style=\"color: #000000;\">Anschl\u00fcsse: R 1\/2&#8243;\u00a0 1 1\/4&#8243;\u00a0 M16\u00a0 3-Loch<\/span><br \/>\n<span style=\"color: #000000;\">Standardnutzl\u00e4nge 450mm<\/span><br \/>\n<span style=\"color: #000000;\">Belagh\u00f6he: 7mm<\/span><br \/>\n<span style=\"color: #000000;\">\u00d8 40 &#8211; 250 mm<\/span><\/p>\n<p><span style=\"color: #000000;\">Reduzierte Segmentanzahl f\u00fcr leichtes Freihandbohren<\/span><\/td>\n<\/tr>\n<\/tbody>\n<\/table>\n","protected":false},"excerpt":{"rendered":"<p>Trockenbohrkronen Anwendung: Mauerwerk &#8211; Kalksandstein und abrasive Materialien Anschl\u00fcsse: R 1\/2&#8243;\u00a0 1 1\/4&#8243;\u00a0 M16\u00a0 3-Loch Standardnutzl\u00e4nge 450mm Belagh\u00f6he: 7mm \u00d8 40 &#8211; 250 mm Reduzierte Segmentanzahl f\u00fcr leichtes Freihandbohren<\/p>\n","protected":false},"author":4,"featured_media":2786,"parent":93,"menu_order":0,"comment_status":"closed","ping_status":"closed","template":"","meta":{"footnotes":"","_links_to":"","_links_to_target":""},"class_list":["post-1514","page","type-page","status-publish","has-post-thumbnail","hentry"],"_links":{"self":[{"href":"https:\/\/www.kupschdiamant.de\/deutsch\/wp-json\/wp\/v2\/pages\/1514","targetHints":{"allow":["GET"]}}],"collection":[{"href":"https:\/\/www.kupschdiamant.de\/deutsch\/wp-json\/wp\/v2\/pages"}],"about":[{"href":"https:\/\/www.kupschdiamant.de\/deutsch\/wp-json\/wp\/v2\/types\/page"}],"author":[{"embeddable":true,"href":"https:\/\/www.kupschdiamant.de\/deutsch\/wp-json\/wp\/v2\/users\/4"}],"replies":[{"embeddable":true,"href":"https:\/\/www.kupschdiamant.de\/deutsch\/wp-json\/wp\/v2\/comments?post=1514"}],"version-history":[{"count":6,"href":"https:\/\/www.kupschdiamant.de\/deutsch\/wp-json\/wp\/v2\/pages\/1514\/revisions"}],"predecessor-version":[{"id":3038,"href":"https:\/\/www.kupschdiamant.de\/deutsch\/wp-json\/wp\/v2\/pages\/1514\/revisions\/3038"}],"up":[{"embeddable":true,"href":"https:\/\/www.kupschdiamant.de\/deutsch\/wp-json\/wp\/v2\/pages\/93"}],"wp:featuredmedia":[{"embeddable":true,"href":"https:\/\/www.kupschdiamant.de\/deutsch\/wp-json\/wp\/v2\/media\/2786"}],"wp:attachment":[{"href":"https:\/\/www.kupschdiamant.de\/deutsch\/wp-json\/wp\/v2\/media?parent=1514"}],"curies":[{"name":"wp","href":"https:\/\/api.w.org\/{rel}","templated":true}]}}